{"id":16,"date":"2012-09-12T11:07:37","date_gmt":"2012-09-12T11:07:37","guid":{"rendered":"http:\/\/wiez.ngo.cieszyn.pl\/?page_id=16"},"modified":"2022-05-04T08:35:54","modified_gmt":"2022-05-04T08:35:54","slug":"kontakt","status":"publish","type":"page","link":"https:\/\/wiez.cieszyn.pl\/?page_id=16","title":{"rendered":"Kontakt"},"content":{"rendered":"<p>Dy\u017cur cz\u0142onka zarz\u0105du w czasie sta\u0142ych godzin spotka\u0144: \u015brody w godz. 14:00-17:00.<br \/>\nW razie potrzeby mo\u017cliwe s\u0105 spotkania indywidualne &#8211; prosimy o wcze\u015bniejszy kontakt telefoniczny: 781 318 080<\/p>\n<p><strong>Cieszy\u0144skie Stowarzyszenie Ochrony Zdrowia Psychicznego &#8222;Wi\u0119\u017a&#8221;<br \/>\n<\/strong>Adres: ul. Bielska 4; 43-400 Cieszyn<br \/>\ne-mail: stowwie@wp.pl<br \/>\ntelefon: 781 318 080<br \/>\nKRS: 0000156750<br \/>\nNIP: 548-239-12-59<br \/>\nREGON: 072859634<br \/>\nNr konta bankowego: <strong>88 1600 1462 1839 4296 7000 0001<\/strong><\/p>\n","protected":false},"excerpt":{"rendered":"<p>Dy\u017cur cz\u0142onka zarz\u0105du w czasie sta\u0142ych godzin spotka\u0144: \u015brody w godz. 14:00-17:00. W razie potrzeby mo\u017cliwe s\u0105 spotkania indywidualne &#8211; &hellip; <a class=\"readmore\" href=\"https:\/\/wiez.cieszyn.pl\/?page_id=16\">czytaj dalej &rarr;<\/a><\/p>\n","protected":false},"author":1,"featured_media":0,"parent":0,"menu_order":0,"comment_status":"open","ping_status":"open","template":"","meta":{"footnotes":""},"class_list":["post-16","page","type-page","status-publish","hentry"],"_links":{"self":[{"href":"https:\/\/wiez.cieszyn.pl\/index.php?rest_route=\/wp\/v2\/pages\/16","targetHints":{"allow":["GET"]}}],"collection":[{"href":"https:\/\/wiez.cieszyn.pl\/index.php?rest_route=\/wp\/v2\/pages"}],"about":[{"href":"https:\/\/wiez.cieszyn.pl\/index.php?rest_route=\/wp\/v2\/types\/page"}],"author":[{"embeddable":true,"href":"https:\/\/wiez.cieszyn.pl\/index.php?rest_route=\/wp\/v2\/users\/1"}],"replies":[{"embeddable":true,"href":"https:\/\/wiez.cieszyn.pl\/index.php?rest_route=%2Fwp%2Fv2%2Fcomments&post=16"}],"version-history":[{"count":23,"href":"https:\/\/wiez.cieszyn.pl\/index.php?rest_route=\/wp\/v2\/pages\/16\/revisions"}],"predecessor-version":[{"id":2910,"href":"https:\/\/wiez.cieszyn.pl\/index.php?rest_route=\/wp\/v2\/pages\/16\/revisions\/2910"}],"wp:attachment":[{"href":"https:\/\/wiez.cieszyn.pl\/index.php?rest_route=%2Fwp%2Fv2%2Fmedia&parent=16"}],"curies":[{"name":"wp","href":"https:\/\/api.w.org\/{rel}","templated":true}]}}