{"id":2199,"date":"2021-02-27T20:25:59","date_gmt":"2021-02-27T20:25:59","guid":{"rendered":"http:\/\/wiez.cieszyn.pl\/?page_id=2199"},"modified":"2022-10-13T06:11:34","modified_gmt":"2022-10-13T06:11:34","slug":"geneza-i-cele","status":"publish","type":"page","link":"https:\/\/wiez.cieszyn.pl\/?page_id=2199","title":{"rendered":"Cele"},"content":{"rendered":"<p><span style=\"color: #333333;\">Stowarzyszenie &#8222;Wi\u0119\u017a&#8221; prowadzi szeroko poj\u0119te dzia\u0142ania na rzecz ochrony zdrowia psychicznego. Naszym celem jest pomoc osobom z zaburzeniami psychicznymi oraz ich rodzinom, a w szczeg\u00f3lno\u015bci:<\/span><\/p>\n<ul>\n<li>dzia\u0142alno\u015b\u0107 wspieraj\u0105ca w przezwyci\u0119\u017caniu trudnych sytuacji \u017cyciowych<\/li>\n<li>dzia\u0142alno\u015b\u0107 na rzecz integracji i reintegracji zawodowej i spo\u0142ecznej os\u00f3b zagro\u017conych wykluczeniem spo\u0142ecznym<\/li>\n<li>podejmowanie dzia\u0142a\u0144 na rzecz rehabilitacji i zatrudniania os\u00f3b chorych psychicznie<\/li>\n<li>prowadzenie dzia\u0142alno\u015bci informacyjno-edukacyjnej w zakresie chor\u00f3b psychicznych<\/li>\n<li>mobilizowanie opinii spo\u0142ecznej i \u015brodowisk opiniotw\u00f3rczych na rzecz ochrony zdrowia psychicznego<\/li>\n<li>wsp\u00f3\u0142udzia\u0142 w tworzeniu nowych i rozwoju istniej\u0105cych plac\u00f3wek zdrowia psychicznego<\/li>\n<li>ustalanie wsp\u00f3lnie z kierownictwem plac\u00f3wek psychiatrycznych potrzeb w zakresie lecznictwa i pomoc w ich urzeczywistnianiu<\/li>\n<\/ul>\n","protected":false},"excerpt":{"rendered":"<p>Stowarzyszenie &#8222;Wi\u0119\u017a&#8221; prowadzi szeroko poj\u0119te dzia\u0142ania na rzecz ochrony zdrowia psychicznego. Naszym celem jest pomoc osobom z zaburzeniami psychicznymi oraz &hellip; <a class=\"readmore\" href=\"https:\/\/wiez.cieszyn.pl\/?page_id=2199\">czytaj dalej &rarr;<\/a><\/p>\n","protected":false},"author":2,"featured_media":0,"parent":0,"menu_order":0,"comment_status":"closed","ping_status":"closed","template":"","meta":{"footnotes":""},"class_list":["post-2199","page","type-page","status-publish","hentry"],"_links":{"self":[{"href":"https:\/\/wiez.cieszyn.pl\/index.php?rest_route=\/wp\/v2\/pages\/2199","targetHints":{"allow":["GET"]}}],"collection":[{"href":"https:\/\/wiez.cieszyn.pl\/index.php?rest_route=\/wp\/v2\/pages"}],"about":[{"href":"https:\/\/wiez.cieszyn.pl\/index.php?rest_route=\/wp\/v2\/types\/page"}],"author":[{"embeddable":true,"href":"https:\/\/wiez.cieszyn.pl\/index.php?rest_route=\/wp\/v2\/users\/2"}],"replies":[{"embeddable":true,"href":"https:\/\/wiez.cieszyn.pl\/index.php?rest_route=%2Fwp%2Fv2%2Fcomments&post=2199"}],"version-history":[{"count":8,"href":"https:\/\/wiez.cieszyn.pl\/index.php?rest_route=\/wp\/v2\/pages\/2199\/revisions"}],"predecessor-version":[{"id":2978,"href":"https:\/\/wiez.cieszyn.pl\/index.php?rest_route=\/wp\/v2\/pages\/2199\/revisions\/2978"}],"wp:attachment":[{"href":"https:\/\/wiez.cieszyn.pl\/index.php?rest_route=%2Fwp%2Fv2%2Fmedia&parent=2199"}],"curies":[{"name":"wp","href":"https:\/\/api.w.org\/{rel}","templated":true}]}}