{"id":2219,"date":"2021-02-28T21:36:35","date_gmt":"2021-02-28T21:36:35","guid":{"rendered":"http:\/\/wiez.cieszyn.pl\/?page_id=2219"},"modified":"2025-01-22T14:00:40","modified_gmt":"2025-01-22T14:00:40","slug":"zarzad","status":"publish","type":"page","link":"https:\/\/wiez.cieszyn.pl\/?page_id=2219","title":{"rendered":"Zarz\u0105d i Komisja Rewizyjna"},"content":{"rendered":"<p style=\"text-align: left;\"><strong>Sk\u0142ad Zarz\u0105du:<\/strong><\/p>\n<p>Prezes: Marek Malesza<br \/>\nWiceprezes: Joanna Cichy<br \/>\nSkarbnik: Izabela Szurman<br \/>\nCz\u0142onek: Katarzyna Bednarska-Kowalowska<\/p>\n<p style=\"text-align: left;\"><strong>Komisja Rewizyjna:<\/strong><\/p>\n<p>Przewodnicz\u0105ca: Izabella Wodecka<br \/>\nCz\u0142onek: Barbara Piercha\u0142a<br \/>\nCz\u0142onek: Grzegorz Ga\u0142ka<\/p>\n<p>Dy\u017cur cz\u0142onka zarz\u0105du w czasie sta\u0142ych godzin spotka\u0144 w siedzibie Stowarzyszenia: \u015brody w godz. 14:00-17:00.<\/p>\n","protected":false},"excerpt":{"rendered":"<p>Sk\u0142ad Zarz\u0105du: Prezes: Marek Malesza Wiceprezes: Joanna Cichy Skarbnik: Izabela Szurman Cz\u0142onek: Katarzyna Bednarska-Kowalowska Komisja Rewizyjna: Przewodnicz\u0105ca: Izabella Wodecka Cz\u0142onek: &hellip; <a class=\"readmore\" href=\"https:\/\/wiez.cieszyn.pl\/?page_id=2219\">czytaj dalej &rarr;<\/a><\/p>\n","protected":false},"author":2,"featured_media":0,"parent":0,"menu_order":0,"comment_status":"closed","ping_status":"closed","template":"","meta":{"footnotes":""},"class_list":["post-2219","page","type-page","status-publish","hentry"],"_links":{"self":[{"href":"https:\/\/wiez.cieszyn.pl\/index.php?rest_route=\/wp\/v2\/pages\/2219","targetHints":{"allow":["GET"]}}],"collection":[{"href":"https:\/\/wiez.cieszyn.pl\/index.php?rest_route=\/wp\/v2\/pages"}],"about":[{"href":"https:\/\/wiez.cieszyn.pl\/index.php?rest_route=\/wp\/v2\/types\/page"}],"author":[{"embeddable":true,"href":"https:\/\/wiez.cieszyn.pl\/index.php?rest_route=\/wp\/v2\/users\/2"}],"replies":[{"embeddable":true,"href":"https:\/\/wiez.cieszyn.pl\/index.php?rest_route=%2Fwp%2Fv2%2Fcomments&post=2219"}],"version-history":[{"count":14,"href":"https:\/\/wiez.cieszyn.pl\/index.php?rest_route=\/wp\/v2\/pages\/2219\/revisions"}],"predecessor-version":[{"id":3144,"href":"https:\/\/wiez.cieszyn.pl\/index.php?rest_route=\/wp\/v2\/pages\/2219\/revisions\/3144"}],"wp:attachment":[{"href":"https:\/\/wiez.cieszyn.pl\/index.php?rest_route=%2Fwp%2Fv2%2Fmedia&parent=2219"}],"curies":[{"name":"wp","href":"https:\/\/api.w.org\/{rel}","templated":true}]}}